{"id":2090,"date":"2021-07-16T14:04:36","date_gmt":"2021-07-16T12:04:36","guid":{"rendered":"https:\/\/www.tabak-welt.de\/raucherlounge\/?page_id=2090"},"modified":"2024-02-16T08:42:44","modified_gmt":"2024-02-16T07:42:44","slug":"impressum","status":"publish","type":"page","link":"https:\/\/www.tabak-welt.de\/raucherlounge\/impressum\/","title":{"rendered":"Impressum"},"content":{"rendered":"\n<p><strong>Impressum<\/strong><\/p>\n\n\n\n<p><strong>Gesetzliche Anbieterkennung:<br><br><\/strong>Dein Tabako Yilmaz GmbH<br>diese vertr. d. d. Gesch\u00e4ftsf\u00fchrer \u00dcnver Yilmaz<br>Vitalisstra\u00dfe 200<br>50827 K\u00f6ln<br>Deutschland<br>Telefon: 02203 9413200<br>E-Mail:&nbsp;info@tabak-welt.de<br>USt-IdNr.: DE268258703<br>eingetragen im Handelsregister des Amtsgerichtes K\u00f6ln<br>Handelsregisternummer HRB 95562<\/p>\n\n\n\n<p><strong>Inhaltlich Verantwortlicher gem\u00e4\u00df \u00a7 18 Abs. 2 MStV:<\/strong><br>Herr&nbsp;\u00dcnver&nbsp;Yilmaz<br>Vitalisstra\u00dfe 200<br>50827 K\u00f6ln<br>Deutschland<\/p>\n\n\n\n<p><strong>Alternative Streitbeilegung:<\/strong><br>Die Europ\u00e4ische Kommission stellt eine Plattform f\u00fcr die au\u00dfergerichtliche Online-Streitbeilegung (OS-Plattform) bereit, aufrufbar unter&nbsp;<a href=\"https:\/\/ec.europa.eu\/consumers\/odr\/main\/index.cfm?event=main.home2.show&amp;lng=DE\" target=\"_blank\" rel=\"noreferrer noopener\">https:\/\/ec.europa.eu\/consumers\/odr\/main\/index.cfm?event=main.home2.show&amp;lng=DE<\/a>.<\/p>\n\n\n\n<p>Wir sind nicht bereit, an Streitbeilegungsverfahren vor Verbraucherschlichtungsstellen teilzunehmen.<\/p>\n\n\n\n<h2 class=\"wp-block-heading\">Bildnachweise:<\/h2>\n\n\n\n<p><strong>Pfeifenzubeh\u00f6r &#8211; Was brauchst du?<\/strong><br>\u00a9 Krisada \u2013 stock.adobe.com<\/p>\n\n\n\n<p><strong>Die besten Pfeifentabake: Zehn Tabake zur Auswahl<\/strong><br>\u00a9 Rawpixel.com \u2013 stock.adobe.com <\/p>\n\n\n\n<p><strong>Nie wieder unfertig &#8211; finde den besten Drehfilter<\/strong><br>\u00a9 Lenscap50 \u2013 stock.adobe.com<br>\u00a9 berczy04 \u2013 stock.adobe.com <br>\u00a9 Jolita Marcinkene \u2013 stock.adobe.com<br>\u00a9 Jens Rother \u2013 stock.adobe.com<\/p>\n\n\n\n<p><strong>Bl\u00e4ttchen zum drehen &#8211; Kein Raucherbedarf bietet so viel Abwechslung<\/strong><br>\u00a9 stockbksts \u2013 stock.adobe.com<\/p>\n\n\n\n<p><strong>Zigaretten drehen f\u00fcr Anf\u00e4nger<\/strong><br>\u00a9 Gresei \u2013 stock.adobe.com<br>\u00a9 stockbksts \u2013 stock.adobe.com<br>\u00a9 fotofabrika \u2013 stock.adobe.com<\/p>\n\n\n\n<p><strong>Filterh\u00fclsen zum Zigarettenstopfen \u2013 Das Zubeh\u00f6r mit Vielfalt und Sparpotenzial<\/strong><br>\u00a9 VlaDee \u2013 stock.adobe.com<br>\u00a9 Friedberg \u2013 stock.adobe.com<br>\u00a9 siloto \u2013 stock.adobe.com<br>\u00a9 Jolita Marcinkene \u2013 stock.adobe.com<\/p>\n\n\n\n<p><strong>Die beliebtesten Tabake zum drehen<\/strong><br>\u00a9 Gresei \u2013 stock.adobe.com<br>\u00a9 fotofabrika \u2013 stock.adobe.com <\/p>\n\n\n\n<p><strong>Effektiv stopfen mit der Zigarettenstopfmaschine &#8211; passende Ger\u00e4te f\u00fcr alle Individualisten<\/strong><br>\u00a9 Nopphon \u2013 stock.adobe.com<br>\u00a9 Friedberg \u2013 stock.adobe.com<\/p>\n\n\n\n<p><strong>Zigaretten stopfen f\u00fcr Anf\u00e4nger<\/strong><br>\u00a9 Artemy Sobov \u2013 stock.adobe.com<br>\u00a9 siloto \u2013 stock.adobe.com<\/p>\n\n\n\n<p><strong>Die beliebtesten Tabake zum stopfen<\/strong><br>\u00a9 newnow \u2013 stock.adobe.com<br>\u00a9 Oleksandrum \u2013 stock.adobe.com<\/p>\n\n\n\n<p><strong>Welcher Neo Stick passt zu dir? Deine Raucherlounge antwortet!<\/strong><br>\u00a9 valery121283 \u2013 stock.adobe.com <\/p>\n\n\n\n<p><strong>Zigarillos f\u00fcr Anf\u00e4nger<\/strong><br>\u00a9 draghicich \u2013 stock.adobe.com<br>\u00a9 JethroT \u2013 stock.adobe.com<\/p>\n\n\n\n<p><strong>Die Glo sorgt f\u00fcr Erneuerungen: 3 neue Sorten f\u00fcr euch<br><\/strong>\u00a9 valery121283 \u2013 stock.adobe.com<br>\u00a9 domnitsky \u2013 stock.adobe.com<br>\u00a9 NotjungCG \u2013 stock.adobe.com<\/p>\n\n\n\n<p><strong>Pfeifentabak f\u00fcr Anf\u00e4nger. Ein Blogpost f\u00fcr zuk\u00fcnftige Pfeifenraucher<\/strong><br>\u00a9 Svetlana Lukienko \u2013 stock.adobe.com<br>\u00a9 Gresei \u2013 stock.adobe.com <br>\u00a9 LIGHTFIELD STUDIOS \u2013 stock.adobe.com<\/p>\n\n\n\n<p><strong>IQOS vs glo &#8211; eine ausf\u00fchrliche Gegen\u00fcberstellung<\/strong><br>\u00a9 SergeyBitos \u2013 stock.adobe.com<br>\u00a9 NotjungCG \u2013 stock.adobe.com<\/p>\n\n\n\n<p><strong>Drehmaschinen &#8211; Willst du drehen, dann Professionell<br><\/strong>\u00a9 lenscap50 &#8211; stock.adobe.com<br>\u00a9 dmitr1ch &#8211; stock.adobe.com<\/p>\n\n\n\n<p><strong>20 Hoffmann Aromakapseln &#8211; Entdecke das Stecksystem<\/strong><br>\u00a9 Romolo Tavani &#8211; stock.adobe.com<\/p>\n\n\n\n<p><strong>Tabak ohne Zus\u00e4tze: Beneidenswert authentisch &#8211; Mit Geheimtipp<\/strong><br>\u00a9 stockbksts &#8211; stock.adobe.com<br><br><strong>Was kosten Zigaretten?<\/strong><br>\u00a9 Rawf8 &#8211; stock.adobe.com Rawf8<\/p>\n\n\n\n<p><strong>Zigaretten und Kaffee<\/strong><br>\u00a9 merla &#8211; stock.adobe.com<br>\u00a9 Nopphon &#8211; stock.adobe.com<br>\u00a9 amenic181 &#8211; stock.adobe.com<br>\u00a9 Africa Studio &#8211; stock.adobe.com<\/p>\n\n\n\n<p><strong>10 Gef\u00e4\u00dfe um Tabak feucht zu halten<\/strong><br>\u00a9 AlenKadr- stock.adobe.com<br>\u00a9 Bj\u00f6rn Wylezich &#8211; stock.adobe.com<br>\u00a9 Pejo &#8211; stock.adobe.com<br>\u00a9 PhotoStk &#8211; stock.adobe.com<br>\u00a9 SlayStorm &#8211; stock.adobe.com<br>\u00a9 janvier &#8211; stock.adobe.com<br>\u00a9 Zerbor &#8211; stock.adobe.com<br>\u00a9 indigolotos &#8211; stock.adobe.com<\/p>\n\n\n\n<p><strong>Stopfen oder drehen?<\/strong><br>\u00a9 Gresei- stock.adobe.com<br>\u00a9 Artemy Sobov &#8211; stock.adobe.com<br>\u00a9 fotofabrika &#8211; stock.adobe.com<\/p>\n\n\n\n<p><strong>Tabakherstellung<\/strong><br>\u00a9 PiyawatNadeenoparit- stock.adobe.com<br>\u00a9 Artemy Sobov &#8211; stock.adobe.com<br>\u00a9 fotofabrika &#8211; stock.adobe.com<\/p>\n\n\n\n<p><strong>Pfeifen-, Stopf- und Drehtabak<\/strong><br>\u00a9 Alessandro Biascioli &#8211; stock.adobe.com<br>\u00a9 Rawf8 &#8211; stock.adobe.com<br>\u00a9 LIGHTFIELD STUDIOS &#8211; stock.adobe.com<br>\u00a9 Gresei &#8211; stock.adobe.com<\/p>\n\n\n\n<p><strong>HEETS Turquoise<\/strong><br>\u00a9 Jolita Marcinkene &#8211; stock.adobe.com<\/p>\n\n\n\n<p><strong>IQOS ILUMA<\/strong><br>\u00a9 IQOS &#8211; iqos.com<\/p>\n\n\n\n<p><strong>Menthol Zigaretten<\/strong><br>\u00a9 Jolita Marcinkene &#8211; stock.adobe.com<br>\u00a9 fotofabrika &#8211; stock.adobe.com<br><\/p>\n","protected":false},"excerpt":{"rendered":"<p>Impressum Gesetzliche Anbieterkennung: Dein Tabako Yilmaz GmbHdiese vertr. d. d. Gesch\u00e4ftsf\u00fchrer \u00dcnver YilmazVitalisstra\u00dfe 20050827 K\u00f6lnDeutschlandTelefon: 02203 9413200E-Mail:&nbsp;info@tabak-welt.deUSt-IdNr.: DE268258703eingetragen im Handelsregister des Amtsgerichtes K\u00f6lnHandelsregisternummer HRB 95562 Inhaltlich Verantwortlicher gem\u00e4\u00df \u00a7 18 Abs. 2 MStV:Herr&nbsp;\u00dcnver&nbsp;YilmazVitalisstra\u00dfe 20050827 K\u00f6lnDeutschland Alternative Streitbeilegung:Die Europ\u00e4ische Kommission stellt eine Plattform f\u00fcr die au\u00dfergerichtliche Online-Streitbeilegung (OS-Plattform) bereit, aufrufbar unter&nbsp;https:\/\/ec.europa.eu\/consumers\/odr\/main\/index.cfm?event=main.home2.show&amp;lng=DE. Wir sind nicht bereit, an [&hellip;]<\/p>\n","protected":false},"author":1,"featured_media":0,"parent":0,"menu_order":0,"comment_status":"closed","ping_status":"closed","template":"","meta":{"inline_featured_image":false,"tdm_status":"","tdm_grid_status":"","footnotes":""},"class_list":["post-2090","page","type-page","status-publish"],"_links":{"self":[{"href":"https:\/\/www.tabak-welt.de\/raucherlounge\/wp-json\/wp\/v2\/pages\/2090","targetHints":{"allow":["GET"]}}],"collection":[{"href":"https:\/\/www.tabak-welt.de\/raucherlounge\/wp-json\/wp\/v2\/pages"}],"about":[{"href":"https:\/\/www.tabak-welt.de\/raucherlounge\/wp-json\/wp\/v2\/types\/page"}],"author":[{"embeddable":true,"href":"https:\/\/www.tabak-welt.de\/raucherlounge\/wp-json\/wp\/v2\/users\/1"}],"replies":[{"embeddable":true,"href":"https:\/\/www.tabak-welt.de\/raucherlounge\/wp-json\/wp\/v2\/comments?post=2090"}],"version-history":[{"count":8,"href":"https:\/\/www.tabak-welt.de\/raucherlounge\/wp-json\/wp\/v2\/pages\/2090\/revisions"}],"predecessor-version":[{"id":8651,"href":"https:\/\/www.tabak-welt.de\/raucherlounge\/wp-json\/wp\/v2\/pages\/2090\/revisions\/8651"}],"wp:attachment":[{"href":"https:\/\/www.tabak-welt.de\/raucherlounge\/wp-json\/wp\/v2\/media?parent=2090"}],"curies":[{"name":"wp","href":"https:\/\/api.w.org\/{rel}","templated":true}]}}